{"id":791,"date":"2022-07-12T14:42:55","date_gmt":"2022-07-12T14:42:55","guid":{"rendered":"https:\/\/congressolusobrasileiropsicooncologia2022.com\/?page_id=791"},"modified":"2025-10-21T21:08:18","modified_gmt":"2025-10-21T21:08:18","slug":"submissao-trabalhos","status":"publish","type":"page","link":"https:\/\/congressosbpo.com.br\/brasileiro2025\/submissao-trabalhos\/","title":{"rendered":"Submiss\u00f5es de Trabalhos Cient\u00edficos"},"content":{"rendered":"\t\t<div data-elementor-type=\"wp-page\" data-elementor-id=\"791\" class=\"elementor elementor-791\">\n\t\t\t\t\t\t<section class=\"elementor-section elementor-top-section elementor-element elementor-element-2dbaab9 elementor-section-full_width elementor-section-height-default elementor-section-height-default\" data-id=\"2dbaab9\" data-element_type=\"section\" data-settings=\"{&quot;background_background&quot;:&quot;classic&quot;}\">\n\t\t\t\t\t\t\t<div class=\"elementor-background-overlay\"><\/div>\n\t\t\t\t\t\t\t<div class=\"elementor-container elementor-column-gap-extended\">\n\t\t\t\t\t<div class=\"elementor-column elementor-col-100 elementor-top-column elementor-element elementor-element-63c58f2\" data-id=\"63c58f2\" data-element_type=\"column\" data-settings=\"{&quot;background_background&quot;:&quot;classic&quot;}\">\n\t\t\t<div class=\"elementor-widget-wrap elementor-element-populated\">\n\t\t\t\t\t<div class=\"elementor-background-overlay\"><\/div>\n\t\t\t\t\t\t<section class=\"elementor-section elementor-inner-section elementor-element elementor-element-a655cbd elementor-section-boxed elementor-section-height-default elementor-section-height-default\" data-id=\"a655cbd\" data-element_type=\"section\">\n\t\t\t\t\t\t\t<div class=\"elementor-background-overlay\"><\/div>\n\t\t\t\t\t\t\t<div class=\"elementor-container elementor-column-gap-default\">\n\t\t\t\t\t<div class=\"elementor-column elementor-col-33 elementor-inner-column elementor-element elementor-element-b489b6e\" data-id=\"b489b6e\" data-element_type=\"column\">\n\t\t\t<div class=\"elementor-widget-wrap elementor-element-populated\">\n\t\t\t\t\t\t<div class=\"elementor-element elementor-element-358cc64 elementor-widget elementor-widget-image\" data-id=\"358cc64\" data-element_type=\"widget\" data-widget_type=\"image.default\">\n\t\t\t\t<div class=\"elementor-widget-container\">\n\t\t\t\t\t\t\t\t\t\t\t\t\t\t\t<img fetchpriority=\"high\" decoding=\"async\" width=\"1080\" height=\"1080\" src=\"https:\/\/congressosbpo.com.br\/brasileiro2025\/wp-content\/uploads\/2025\/04\/Fundo-transparente.png\" class=\"attachment-full size-full wp-image-2827\" alt=\"\" srcset=\"https:\/\/congressosbpo.com.br\/brasileiro2025\/wp-content\/uploads\/2025\/04\/Fundo-transparente.png 1080w, https:\/\/congressosbpo.com.br\/brasileiro2025\/wp-content\/uploads\/2025\/04\/Fundo-transparente-300x300.png 300w, https:\/\/congressosbpo.com.br\/brasileiro2025\/wp-content\/uploads\/2025\/04\/Fundo-transparente-1024x1024.png 1024w, https:\/\/congressosbpo.com.br\/brasileiro2025\/wp-content\/uploads\/2025\/04\/Fundo-transparente-150x150.png 150w, https:\/\/congressosbpo.com.br\/brasileiro2025\/wp-content\/uploads\/2025\/04\/Fundo-transparente-768x768.png 768w, https:\/\/congressosbpo.com.br\/brasileiro2025\/wp-content\/uploads\/2025\/04\/Fundo-transparente-100x100.png 100w\" sizes=\"100vw\" \/>\t\t\t\t\t\t\t\t\t\t\t\t\t\t\t<\/div>\n\t\t\t\t<\/div>\n\t\t\t\t\t<\/div>\n\t\t<\/div>\n\t\t\t\t<div class=\"elementor-column elementor-col-33 elementor-inner-column elementor-element elementor-element-fc0682f\" data-id=\"fc0682f\" data-element_type=\"column\">\n\t\t\t<div class=\"elementor-widget-wrap elementor-element-populated\">\n\t\t\t\t\t\t<div class=\"elementor-element elementor-element-64d9a35 eael_simple_menu_hamburger_disable_selected_menu_hide eael-simple-menu-hamburger-align-left eael-hamburger--tablet elementor-widget elementor-widget-eael-simple-menu\" data-id=\"64d9a35\" data-element_type=\"widget\" data-widget_type=\"eael-simple-menu.default\">\n\t\t\t\t<div class=\"elementor-widget-container\">\n\t\t\t\t\t<style>\n                        @media screen and (max-width: 1024px) {\n                            .eael-hamburger--tablet {\n                                .eael-simple-menu-horizontal,\n                                .eael-simple-menu-vertical {\n                                    display: none;\n                                }\n                            }\n                            .eael-hamburger--tablet {\n                                .eael-simple-menu-container .eael-simple-menu-toggle {\n                                    display: block;\n                                }\n                            }\n                        }\n                    <\/style>            <div data-hamburger-icon=\"&lt;i aria-hidden=&quot;true&quot; class=&quot;fas fa-bars&quot;&gt;&lt;\/i&gt;\" data-indicator-icon=\"&lt;i aria-hidden=&quot;true&quot; class=&quot;fas fa-angle-down&quot;&gt;&lt;\/i&gt;\" data-dropdown-indicator-icon=\"&lt;i class=&quot;fas fa-angle-down&quot;&gt;&lt;\/i&gt;\" class=\"eael-simple-menu-container eael-simple-menu-align-right eael-simple-menu--stretch eael-simple-menu-dropdown-align-left preset-1\" data-hamburger-breakpoints=\"{&quot;mobile&quot;:&quot;Mobile ao alto (&gt; 767px)&quot;,&quot;tablet&quot;:&quot;Tablet Portrait (&gt; 1024px)&quot;,&quot;desktop&quot;:&quot;Desktop (&gt; 2400px)&quot;,&quot;none&quot;:&quot;None&quot;}\" data-hamburger-device=\"tablet\">\n                <ul id=\"menu-menu-congresso\" class=\"eael-simple-menu eael-simple-menu-dropdown-animate-zoom-in eael-simple-menu-indicator eael-hamburger-left eael-simple-menu-horizontal\"><li id=\"menu-item-957\" class=\"menu-item menu-item-type-post_type menu-item-object-page menu-item-home menu-item-957\"><a href=\"https:\/\/congressosbpo.com.br\/brasileiro2025\/\">IN\u00cdCIO<\/a><\/li>\n<li id=\"menu-item-2926\" class=\"menu-item menu-item-type-post_type menu-item-object-page menu-item-2926\"><a href=\"https:\/\/congressosbpo.com.br\/brasileiro2025\/programacao\/\">PROGRAMA\u00c7\u00c3O<\/a><\/li>\n<li id=\"menu-item-3189\" class=\"menu-item menu-item-type-custom menu-item-object-custom menu-item-has-children menu-item-3189\"><a href=\"https:\/\/congressosbpo.com.br\/brasileiro2025\/selecionar-inscricao\/\">INSCRI\u00c7\u00d5ES<\/a>\n<ul class=\"sub-menu\">\n\t<li id=\"menu-item-3537\" class=\"menu-item menu-item-type-post_type menu-item-object-page menu-item-3537\"><a href=\"https:\/\/congressosbpo.com.br\/brasileiro2025\/selecionar-inscricao\/\">Congresso<\/a><\/li>\n\t<li id=\"menu-item-3190\" class=\"menu-item menu-item-type-post_type menu-item-object-page menu-item-3190\"><a href=\"https:\/\/congressosbpo.com.br\/brasileiro2025\/inscricao-curso-pre-congresso\/\">Curso Pr\u00e9-congresso<\/a><\/li>\n\t<li id=\"menu-item-2949\" class=\"menu-item menu-item-type-post_type menu-item-object-page menu-item-2949\"><a href=\"https:\/\/congressosbpo.com.br\/brasileiro2025\/inscricao-prova-titulo\/\">Prova t\u00edtulo<\/a><\/li>\n<\/ul>\n<\/li>\n<li id=\"menu-item-2928\" class=\"menu-item menu-item-type-post_type menu-item-object-page menu-item-2928\"><a href=\"https:\/\/congressosbpo.com.br\/brasileiro2025\/submissao-trabalhos\/\">TRABALHOS CIENT\u00cdFICOS<\/a><\/li>\n<li id=\"menu-item-3457\" class=\"menu-item menu-item-type-post_type menu-item-object-page menu-item-3457\"><a href=\"https:\/\/congressosbpo.com.br\/brasileiro2025\/sugestao-hospedagem\/\">Sugest\u00e3o Hospedagem<\/a><\/li>\n<li id=\"menu-item-2054\" class=\"menu-item menu-item-type-custom menu-item-object-custom menu-item-2054\"><a href=\"https:\/\/sbpo.org.br\/associe-se\/\">ASSOCIAR SBPO<\/a><\/li>\n<li id=\"menu-item-3085\" class=\"menu-item menu-item-type-post_type menu-item-object-page menu-item-3085\"><a href=\"https:\/\/congressosbpo.com.br\/brasileiro2025\/politicas-de-desistencia\/\">POL\u00cdTICA DE DESIST\u00caNCIA<\/a><\/li>\n<li id=\"menu-item-3132\" class=\"menu-item menu-item-type-post_type menu-item-object-page menu-item-3132\"><a href=\"https:\/\/congressosbpo.com.br\/brasileiro2025\/sobre\/\">SOBRE<\/a><\/li>\n<\/ul>                <button class=\"eael-simple-menu-toggle\">\n                    <span class=\"sr-only \">Hamburger Toggle Menu<\/span>\n                    <i aria-hidden=\"true\" class=\"fas fa-bars\"><\/i>                <\/button>\n            <\/div>\n            \t\t\t\t<\/div>\n\t\t\t\t<\/div>\n\t\t\t\t\t<\/div>\n\t\t<\/div>\n\t\t\t\t<div class=\"elementor-column elementor-col-33 elementor-inner-column elementor-element elementor-element-64c61df\" data-id=\"64c61df\" data-element_type=\"column\">\n\t\t\t<div class=\"elementor-widget-wrap\">\n\t\t\t\t\t\t\t<\/div>\n\t\t<\/div>\n\t\t\t\t\t<\/div>\n\t\t<\/section>\n\t\t\t\t\t<\/div>\n\t\t<\/div>\n\t\t\t\t\t<\/div>\n\t\t<\/section>\n\t\t\t\t<section class=\"elementor-section elementor-top-section elementor-element elementor-element-1618b05 elementor-section-boxed elementor-section-height-default elementor-section-height-default\" data-id=\"1618b05\" data-element_type=\"section\">\n\t\t\t\t\t\t\t<div class=\"elementor-background-overlay\"><\/div>\n\t\t\t\t\t\t\t<div class=\"elementor-container elementor-column-gap-default\">\n\t\t\t\t\t<div class=\"elementor-column elementor-col-100 elementor-top-column elementor-element elementor-element-b788171\" data-id=\"b788171\" data-element_type=\"column\" data-settings=\"{&quot;background_background&quot;:&quot;classic&quot;}\">\n\t\t\t<div class=\"elementor-widget-wrap elementor-element-populated\">\n\t\t\t\t\t\t<div class=\"elementor-element elementor-element-cc32f96 elementor-widget elementor-widget-heading\" data-id=\"cc32f96\" data-element_type=\"widget\" data-widget_type=\"heading.default\">\n\t\t\t\t<div class=\"elementor-widget-container\">\n\t\t\t\t\t<h2 class=\"elementor-heading-title elementor-size-default\">Submiss\u00f5es de trabalhos cient\u00edficos:<\/h2>\t\t\t\t<\/div>\n\t\t\t\t<\/div>\n\t\t\t\t<section class=\"elementor-section elementor-inner-section elementor-element elementor-element-1757d42 elementor-section-boxed elementor-section-height-default elementor-section-height-default\" data-id=\"1757d42\" data-element_type=\"section\">\n\t\t\t\t\t\t<div class=\"elementor-container elementor-column-gap-default\">\n\t\t\t\t\t<div class=\"elementor-column elementor-col-50 elementor-inner-column elementor-element elementor-element-7ece24d\" data-id=\"7ece24d\" data-element_type=\"column\" data-settings=\"{&quot;background_background&quot;:&quot;classic&quot;}\">\n\t\t\t<div class=\"elementor-widget-wrap elementor-element-populated\">\n\t\t\t\t\t\t<div class=\"elementor-element elementor-element-10b0d8c elementor-widget elementor-widget-heading\" data-id=\"10b0d8c\" data-element_type=\"widget\" data-widget_type=\"heading.default\">\n\t\t\t\t<div class=\"elementor-widget-container\">\n\t\t\t\t\t<h2 class=\"elementor-heading-title elementor-size-default\">Clique no bot\u00e3o abaixo para acessar a lista de trabalhos aprovados:<\/h2>\t\t\t\t<\/div>\n\t\t\t\t<\/div>\n\t\t\t\t<div class=\"elementor-element elementor-element-a47ac1d elementor-align-left elementor-hidden-desktop elementor-hidden-tablet elementor-hidden-mobile elementor-icon-list--layout-traditional elementor-list-item-link-full_width elementor-widget elementor-widget-icon-list\" data-id=\"a47ac1d\" data-element_type=\"widget\" data-widget_type=\"icon-list.default\">\n\t\t\t\t<div class=\"elementor-widget-container\">\n\t\t\t\t\t\t\t<ul class=\"elementor-icon-list-items\">\n\t\t\t\t\t\t\t<li class=\"elementor-icon-list-item\">\n\t\t\t\t\t\t\t\t\t\t\t<span class=\"elementor-icon-list-icon\">\n\t\t\t\t\t\t\t<i aria-hidden=\"true\" class=\"fas fa-check\"><\/i>\t\t\t\t\t\t<\/span>\n\t\t\t\t\t\t\t\t\t\t<span class=\"elementor-icon-list-text\">Fa\u00e7a download das instru\u00e7\u00f5es clicando no bot\u00e3o abaixo<\/span>\n\t\t\t\t\t\t\t\t\t<\/li>\n\t\t\t\t\t\t\t\t<li class=\"elementor-icon-list-item\">\n\t\t\t\t\t\t\t\t\t\t\t<span class=\"elementor-icon-list-icon\">\n\t\t\t\t\t\t\t<i aria-hidden=\"true\" class=\"fas fa-check\"><\/i>\t\t\t\t\t\t<\/span>\n\t\t\t\t\t\t\t\t\t\t<span class=\"elementor-icon-list-text\">Fa\u00e7a sua inscri\u00e7\u00e3o no congresso<\/span>\n\t\t\t\t\t\t\t\t\t<\/li>\n\t\t\t\t\t\t\t\t<li class=\"elementor-icon-list-item\">\n\t\t\t\t\t\t\t\t\t\t\t<span class=\"elementor-icon-list-icon\">\n\t\t\t\t\t\t\t<i aria-hidden=\"true\" class=\"fas fa-check\"><\/i>\t\t\t\t\t\t<\/span>\n\t\t\t\t\t\t\t\t\t\t<span class=\"elementor-icon-list-text\">Envie seu trabalho em \"pdf\" atrav\u00e9s do formul\u00e1rio nesta p\u00e1gina<\/span>\n\t\t\t\t\t\t\t\t\t<\/li>\n\t\t\t\t\t\t<\/ul>\n\t\t\t\t\t\t<\/div>\n\t\t\t\t<\/div>\n\t\t\t\t<div class=\"elementor-element elementor-element-f21a362 elementor-align-center elementor-widget elementor-widget-button\" data-id=\"f21a362\" data-element_type=\"widget\" data-widget_type=\"button.default\">\n\t\t\t\t<div class=\"elementor-widget-container\">\n\t\t\t\t\t\t\t\t\t<div class=\"elementor-button-wrapper\">\n\t\t\t\t\t<a class=\"elementor-button elementor-button-link elementor-size-md\" href=\"https:\/\/congressosbpo.com.br\/brasileiro2025\/wp-content\/uploads\/2025\/10\/TRABALHOS-APROVADOS-PARA-APRESENTACAO.pdf\" target=\"_blank\">\n\t\t\t\t\t\t<span class=\"elementor-button-content-wrapper\">\n\t\t\t\t\t\t<span class=\"elementor-button-icon\">\n\t\t\t\t<i aria-hidden=\"true\" class=\"fas fa-file-pdf\"><\/i>\t\t\t<\/span>\n\t\t\t\t\t\t\t\t\t<span class=\"elementor-button-text\">Lista de trabalhaos aprovados<\/span>\n\t\t\t\t\t<\/span>\n\t\t\t\t\t<\/a>\n\t\t\t\t<\/div>\n\t\t\t\t\t\t\t\t<\/div>\n\t\t\t\t<\/div>\n\t\t\t\t<div class=\"elementor-element elementor-element-84b9e53 elementor-align-center elementor-hidden-desktop elementor-hidden-tablet elementor-hidden-mobile elementor-widget elementor-widget-button\" data-id=\"84b9e53\" data-element_type=\"widget\" data-widget_type=\"button.default\">\n\t\t\t\t<div class=\"elementor-widget-container\">\n\t\t\t\t\t\t\t\t\t<div class=\"elementor-button-wrapper\">\n\t\t\t\t\t<a class=\"elementor-button elementor-button-link elementor-size-md\" href=\"https:\/\/congressosbpo.com.br\/brasileiro2025\/wp-content\/uploads\/2025\/05\/INSTRUCOES-PARA-SUBMISSAO-DE-TRABALHOS-CIENTIFICOS-XVII-CONGRESSO-BRASILEIRO-DE-PSICO-V2.pdf\" target=\"_blank\">\n\t\t\t\t\t\t<span class=\"elementor-button-content-wrapper\">\n\t\t\t\t\t\t<span class=\"elementor-button-icon\">\n\t\t\t\t<i aria-hidden=\"true\" class=\"fas fa-file-pdf\"><\/i>\t\t\t<\/span>\n\t\t\t\t\t\t\t\t\t<span class=\"elementor-button-text\">Instru\u00e7\u00f5es para submiss\u00e3o de trabalhos cient\u00edficos<\/span>\n\t\t\t\t\t<\/span>\n\t\t\t\t\t<\/a>\n\t\t\t\t<\/div>\n\t\t\t\t\t\t\t\t<\/div>\n\t\t\t\t<\/div>\n\t\t\t\t<div class=\"elementor-element elementor-element-ce27067 elementor-align-center elementor-hidden-desktop elementor-hidden-tablet elementor-hidden-mobile elementor-widget elementor-widget-button\" data-id=\"ce27067\" data-element_type=\"widget\" data-widget_type=\"button.default\">\n\t\t\t\t<div class=\"elementor-widget-container\">\n\t\t\t\t\t\t\t\t\t<div class=\"elementor-button-wrapper\">\n\t\t\t\t\t<a class=\"elementor-button elementor-button-link elementor-size-md\" href=\"https:\/\/congressosbpo.com.br\/brasileiro2025\/wp-content\/uploads\/2025\/06\/ERRATA_Congresso-SBPO_2025.pdf\" target=\"_blank\">\n\t\t\t\t\t\t<span class=\"elementor-button-content-wrapper\">\n\t\t\t\t\t\t<span class=\"elementor-button-icon\">\n\t\t\t\t<i aria-hidden=\"true\" class=\"fas fa-file-pdf\"><\/i>\t\t\t<\/span>\n\t\t\t\t\t\t\t\t\t<span class=\"elementor-button-text\">Errata das Instru\u00e7\u00f5es para Submiss\u00e3o dos trabalhos cient\u00edficos<\/span>\n\t\t\t\t\t<\/span>\n\t\t\t\t\t<\/a>\n\t\t\t\t<\/div>\n\t\t\t\t\t\t\t\t<\/div>\n\t\t\t\t<\/div>\n\t\t\t\t\t<\/div>\n\t\t<\/div>\n\t\t\t\t<div class=\"elementor-column elementor-col-50 elementor-inner-column elementor-element elementor-element-f38ff73\" data-id=\"f38ff73\" data-element_type=\"column\">\n\t\t\t<div class=\"elementor-widget-wrap elementor-element-populated\">\n\t\t\t\t\t\t<div class=\"elementor-element elementor-element-97457fc elementor-hidden-desktop elementor-hidden-tablet elementor-hidden-mobile elementor-widget elementor-widget-heading\" data-id=\"97457fc\" data-element_type=\"widget\" data-widget_type=\"heading.default\">\n\t\t\t\t<div class=\"elementor-widget-container\">\n\t\t\t\t\t<h2 class=\"elementor-heading-title elementor-size-default\">Preencha as informa\u00e7\u00f5es abaixo e anexe o arquivo com seu trabalho em pdf:<\/h2>\t\t\t\t<\/div>\n\t\t\t\t<\/div>\n\t\t\t\t<div class=\"elementor-element elementor-element-158adf8 elementor-hidden-desktop elementor-hidden-tablet elementor-hidden-mobile elementor-widget elementor-widget-shortcode\" data-id=\"158adf8\" data-element_type=\"widget\" data-widget_type=\"shortcode.default\">\n\t\t\t\t<div class=\"elementor-widget-container\">\n\t\t\t\t\t\t\t<div class=\"elementor-shortcode\">\n<div class=\"wpcf7 no-js\" id=\"wpcf7-f3353-o1\" lang=\"pt-PT\" dir=\"ltr\" data-wpcf7-id=\"3353\">\n<div class=\"screen-reader-response\"><p role=\"status\" aria-live=\"polite\" aria-atomic=\"true\"><\/p> <ul><\/ul><\/div>\n<form action=\"\/brasileiro2025\/wp-json\/wp\/v2\/pages\/791#wpcf7-f3353-o1\" method=\"post\" class=\"wpcf7-form init\" aria-label=\"Formul\u00e1rio de contacto\" enctype=\"multipart\/form-data\" novalidate=\"novalidate\" data-status=\"init\">\n<fieldset class=\"hidden-fields-container\"><input type=\"hidden\" name=\"_wpcf7\" value=\"3353\" \/><input type=\"hidden\" name=\"_wpcf7_version\" value=\"6.1.3\" \/><input type=\"hidden\" name=\"_wpcf7_locale\" value=\"pt_PT\" \/><input type=\"hidden\" name=\"_wpcf7_unit_tag\" value=\"wpcf7-f3353-o1\" \/><input type=\"hidden\" name=\"_wpcf7_container_post\" value=\"0\" \/><input type=\"hidden\" name=\"_wpcf7_posted_data_hash\" value=\"\" \/>\n<\/fieldset>\n<p><label> O seu nome<br \/>\n<span class=\"wpcf7-form-control-wrap\" data-name=\"your-name\"><input size=\"40\" maxlength=\"400\" class=\"wpcf7-form-control wpcf7-text wpcf7-validates-as-required\" autocomplete=\"name\" aria-required=\"true\" aria-invalid=\"false\" value=\"\" type=\"text\" name=\"your-name\" \/><\/span> <\/label>\n<\/p>\n<p><label> Seu email utilizado na inscri\u00e7\u00e3o do congresso:<br \/>\n<span class=\"wpcf7-form-control-wrap\" data-name=\"your-email\"><input size=\"40\" maxlength=\"400\" class=\"wpcf7-form-control wpcf7-email wpcf7-validates-as-required wpcf7-text wpcf7-validates-as-email\" autocomplete=\"email\" aria-required=\"true\" aria-invalid=\"false\" value=\"\" type=\"email\" name=\"your-email\" \/><\/span> <\/label>\n<\/p>\n<p><label> Seu Whatsapp<br \/>\n<span class=\"wpcf7-form-control-wrap\" data-name=\"Whatsapp\"><input size=\"40\" maxlength=\"400\" class=\"wpcf7-form-control wpcf7-tel wpcf7-validates-as-required wpcf7-text wpcf7-validates-as-tel\" autocomplete=\"tel\" aria-required=\"true\" aria-invalid=\"false\" value=\"\" type=\"tel\" name=\"Whatsapp\" \/><\/span><br \/>\n<\/label><label> Envie seu trabalho em pdf (tamanho m\u00e1ximo 25Mb)<br \/>\n<span class=\"wpcf7-form-control-wrap\" data-name=\"file-601\"><input size=\"40\" class=\"wpcf7-form-control wpcf7-file\" accept=\".pdf\" aria-invalid=\"false\" type=\"file\" name=\"file-601\" \/><\/span><br \/>\n<\/label><label><br \/>\n<input class=\"wpcf7-form-control wpcf7-submit has-spinner\" type=\"submit\" value=\"Finalizar inscri\u00e7\u00e3o\" \/><\/label>\n<\/p><div class=\"wpcf7-response-output\" aria-hidden=\"true\"><\/div>\n<\/form>\n<\/div>\n<\/div>\n\t\t\t\t\t\t<\/div>\n\t\t\t\t<\/div>\n\t\t\t\t\t<\/div>\n\t\t<\/div>\n\t\t\t\t\t<\/div>\n\t\t<\/section>\n\t\t\t\t\t<\/div>\n\t\t<\/div>\n\t\t\t\t\t<\/div>\n\t\t<\/section>\n\t\t\t\t<section class=\"elementor-section elementor-top-section elementor-element elementor-element-27245ca elementor-section-boxed elementor-section-height-default elementor-section-height-default\" data-id=\"27245ca\" data-element_type=\"section\">\n\t\t\t\t\t\t<div class=\"elementor-container elementor-column-gap-default\">\n\t\t\t\t\t<div class=\"elementor-column elementor-col-100 elementor-top-column elementor-element elementor-element-4745b75\" data-id=\"4745b75\" data-element_type=\"column\">\n\t\t\t<div class=\"elementor-widget-wrap\">\n\t\t\t\t\t\t\t<\/div>\n\t\t<\/div>\n\t\t\t\t\t<\/div>\n\t\t<\/section>\n\t\t\t\t<section class=\"elementor-section elementor-top-section elementor-element elementor-element-14eabd4 elementor-section-full_width elementor-section-stretched elementor-section-height-default elementor-section-height-default\" data-id=\"14eabd4\" data-element_type=\"section\" data-settings=\"{&quot;stretch_section&quot;:&quot;section-stretched&quot;,&quot;background_background&quot;:&quot;classic&quot;}\">\n\t\t\t\t\t\t<div class=\"elementor-container elementor-column-gap-default\">\n\t\t\t\t\t<div class=\"elementor-column elementor-col-33 elementor-top-column elementor-element elementor-element-391f3b7\" data-id=\"391f3b7\" data-element_type=\"column\">\n\t\t\t<div class=\"elementor-widget-wrap elementor-element-populated\">\n\t\t\t\t\t\t<div class=\"elementor-element elementor-element-8739255 elementor-widget elementor-widget-image\" data-id=\"8739255\" data-element_type=\"widget\" data-widget_type=\"image.default\">\n\t\t\t\t<div class=\"elementor-widget-container\">\n\t\t\t\t\t\t\t\t\t\t\t\t\t\t\t<img decoding=\"async\" width=\"1080\" height=\"1080\" src=\"https:\/\/congressosbpo.com.br\/brasileiro2025\/wp-content\/uploads\/2025\/04\/Logo-transparente.png\" class=\"attachment-full size-full wp-image-2829\" alt=\"\" srcset=\"https:\/\/congressosbpo.com.br\/brasileiro2025\/wp-content\/uploads\/2025\/04\/Logo-transparente.png 1080w, https:\/\/congressosbpo.com.br\/brasileiro2025\/wp-content\/uploads\/2025\/04\/Logo-transparente-300x300.png 300w, https:\/\/congressosbpo.com.br\/brasileiro2025\/wp-content\/uploads\/2025\/04\/Logo-transparente-1024x1024.png 1024w, https:\/\/congressosbpo.com.br\/brasileiro2025\/wp-content\/uploads\/2025\/04\/Logo-transparente-150x150.png 150w, https:\/\/congressosbpo.com.br\/brasileiro2025\/wp-content\/uploads\/2025\/04\/Logo-transparente-768x768.png 768w, https:\/\/congressosbpo.com.br\/brasileiro2025\/wp-content\/uploads\/2025\/04\/Logo-transparente-100x100.png 100w\" sizes=\"100vw\" \/>\t\t\t\t\t\t\t\t\t\t\t\t\t\t\t<\/div>\n\t\t\t\t<\/div>\n\t\t\t\t\t<\/div>\n\t\t<\/div>\n\t\t\t\t<div class=\"elementor-column elementor-col-33 elementor-top-column elementor-element elementor-element-b7a1ae1\" data-id=\"b7a1ae1\" data-element_type=\"column\">\n\t\t\t<div class=\"elementor-widget-wrap elementor-element-populated\">\n\t\t\t\t\t\t<div class=\"elementor-element elementor-element-e95c75b elementor-widget elementor-widget-text-editor\" data-id=\"e95c75b\" data-element_type=\"widget\" data-widget_type=\"text-editor.default\">\n\t\t\t\t<div class=\"elementor-widget-container\">\n\t\t\t\t\t\t\t\t\t<p><span style=\"color: #ffffff;\"><strong>XVI Congresso Brasileiro de Psico-oncologia 2025<\/strong><\/span><\/p><p><span style=\"color: #999999;\"><a style=\"color: #999999;\" href=\"https:\/\/congressosbpo.com.br\/brasileiro2025\/politicas-de-privacidade\/\" target=\"_blank\" rel=\"noopener\">Pol\u00edtica de Privacidade<\/a> <span style=\"color: #ffffff;\">|<\/span> <a style=\"color: #999999;\" href=\"https:\/\/congressosbpo.com.br\/brasileiro2025\/termos\/\" target=\"_blank\" rel=\"noopener\">Termos de Uso<\/a><\/span><\/p>\t\t\t\t\t\t\t\t<\/div>\n\t\t\t\t<\/div>\n\t\t\t\t\t<\/div>\n\t\t<\/div>\n\t\t\t\t<div class=\"elementor-column elementor-col-33 elementor-top-column elementor-element elementor-element-3b0e4ac\" data-id=\"3b0e4ac\" data-element_type=\"column\">\n\t\t\t<div class=\"elementor-widget-wrap elementor-element-populated\">\n\t\t\t\t\t\t<div class=\"elementor-element elementor-element-fc57d05 elementor-widget elementor-widget-text-editor\" data-id=\"fc57d05\" data-element_type=\"widget\" data-widget_type=\"text-editor.default\">\n\t\t\t\t<div class=\"elementor-widget-container\">\n\t\t\t\t\t\t\t\t\t<p><span style=\"color: #ffffff;\"><strong>Apoio:<\/strong><\/span><\/p>\t\t\t\t\t\t\t\t<\/div>\n\t\t\t\t<\/div>\n\t\t\t\t<div class=\"elementor-element elementor-element-d61bba2 elementor-widget elementor-widget-image\" data-id=\"d61bba2\" data-element_type=\"widget\" data-widget_type=\"image.default\">\n\t\t\t\t<div class=\"elementor-widget-container\">\n\t\t\t\t\t\t\t\t\t\t\t\t\t\t\t<img decoding=\"async\" width=\"525\" height=\"280\" src=\"https:\/\/congressosbpo.com.br\/brasileiro2025\/wp-content\/uploads\/2025\/05\/Logo-SBOC-1024x547.jpg\" class=\"attachment-large size-large wp-image-3377\" alt=\"\" srcset=\"https:\/\/congressosbpo.com.br\/brasileiro2025\/wp-content\/uploads\/2025\/05\/Logo-SBOC-1024x547.jpg 1024w, https:\/\/congressosbpo.com.br\/brasileiro2025\/wp-content\/uploads\/2025\/05\/Logo-SBOC-300x160.jpg 300w, https:\/\/congressosbpo.com.br\/brasileiro2025\/wp-content\/uploads\/2025\/05\/Logo-SBOC-768x410.jpg 768w, https:\/\/congressosbpo.com.br\/brasileiro2025\/wp-content\/uploads\/2025\/05\/Logo-SBOC-1536x820.jpg 1536w, https:\/\/congressosbpo.com.br\/brasileiro2025\/wp-content\/uploads\/2025\/05\/Logo-SBOC.jpg 1600w\" sizes=\"100vw\" \/>\t\t\t\t\t\t\t\t\t\t\t\t\t\t\t<\/div>\n\t\t\t\t<\/div>\n\t\t\t\t\t<\/div>\n\t\t<\/div>\n\t\t\t\t\t<\/div>\n\t\t<\/section>\n\t\t\t\t<\/div>\n\t\t","protected":false},"excerpt":{"rendered":"<p>IN\u00cdCIO PROGRAMA\u00c7\u00c3O INSCRI\u00c7\u00d5ES Congresso Curso Pr\u00e9-congresso Prova t\u00edtulo TRABALHOS CIENT\u00cdFICOS Sugest\u00e3o Hospedagem ASSOCIAR SBPO POL\u00cdTICA DE DESIST\u00caNCIA SOBRE Hamburger Toggle Menu Submiss\u00f5es de trabalhos cient\u00edficos: Clique no bot\u00e3o abaixo para acessar a lista de trabalhos aprovados: Fa\u00e7a download das instru\u00e7\u00f5es clicando no bot\u00e3o abaixo Fa\u00e7a sua inscri\u00e7\u00e3o no congresso Envie seu trabalho em &#8220;pdf&#8221; atrav\u00e9s &hellip; <\/p>\n<p class=\"link-more\"><a href=\"https:\/\/congressosbpo.com.br\/brasileiro2025\/submissao-trabalhos\/\" class=\"more-link\">Continuar a ler <span class=\"screen-reader-text\">&#8220;Submiss\u00f5es de Trabalhos Cient\u00edficos&#8221;<\/span><\/a><\/p>\n","protected":false},"author":1,"featured_media":0,"parent":0,"menu_order":0,"comment_status":"closed","ping_status":"closed","template":"elementor_canvas","meta":{"footnotes":""},"class_list":["post-791","page","type-page","status-publish","hentry"],"_links":{"self":[{"href":"https:\/\/congressosbpo.com.br\/brasileiro2025\/wp-json\/wp\/v2\/pages\/791","targetHints":{"allow":["GET"]}}],"collection":[{"href":"https:\/\/congressosbpo.com.br\/brasileiro2025\/wp-json\/wp\/v2\/pages"}],"about":[{"href":"https:\/\/congressosbpo.com.br\/brasileiro2025\/wp-json\/wp\/v2\/types\/page"}],"author":[{"embeddable":true,"href":"https:\/\/congressosbpo.com.br\/brasileiro2025\/wp-json\/wp\/v2\/users\/1"}],"replies":[{"embeddable":true,"href":"https:\/\/congressosbpo.com.br\/brasileiro2025\/wp-json\/wp\/v2\/comments?post=791"}],"version-history":[{"count":133,"href":"https:\/\/congressosbpo.com.br\/brasileiro2025\/wp-json\/wp\/v2\/pages\/791\/revisions"}],"predecessor-version":[{"id":3643,"href":"https:\/\/congressosbpo.com.br\/brasileiro2025\/wp-json\/wp\/v2\/pages\/791\/revisions\/3643"}],"wp:attachment":[{"href":"https:\/\/congressosbpo.com.br\/brasileiro2025\/wp-json\/wp\/v2\/media?parent=791"}],"curies":[{"name":"wp","href":"https:\/\/api.w.org\/{rel}","templated":true}]}}